{"id":400,"date":"2024-12-04T23:20:31","date_gmt":"2024-12-04T22:20:31","guid":{"rendered":"https:\/\/www.fgx.cl\/?page_id=400"},"modified":"2024-12-05T01:27:48","modified_gmt":"2024-12-05T00:27:48","slug":"formulario-distribuidor","status":"publish","type":"page","link":"https:\/\/www.fgx.cl\/?page_id=400","title":{"rendered":"Formulario Distribuidor"},"content":{"rendered":"<div class=\"fusion-fullwidth fullwidth-box fusion-builder-row-1 fusion-flex-container has-pattern-background has-mask-background nonhundred-percent-fullwidth non-hundred-percent-height-scrolling\" style=\"--awb-border-radius-top-left:0px;--awb-border-radius-top-right:0px;--awb-border-radius-bottom-right:0px;--awb-border-radius-bottom-left:0px;--awb-flex-wrap:wrap;\" ><div class=\"fusion-builder-row fusion-row fusion-flex-align-items-flex-start fusion-flex-content-wrap\" style=\"max-width:1144px;margin-left: calc(-4% \/ 2 );margin-right: calc(-4% \/ 2 );\"><div class=\"fusion-layout-column fusion_builder_column fusion-builder-column-0 fusion_builder_column_1_1 1_1 fusion-flex-column\" style=\"--awb-bg-size:cover;--awb-width-large:100%;--awb-margin-top-large:0px;--awb-spacing-right-large:1.92%;--awb-margin-bottom-large:20px;--awb-spacing-left-large:1.92%;--awb-width-medium:100%;--awb-order-medium:0;--awb-spacing-right-medium:1.92%;--awb-spacing-left-medium:1.92%;--awb-width-small:100%;--awb-order-small:0;--awb-spacing-right-small:1.92%;--awb-spacing-left-small:1.92%;\"><div class=\"fusion-column-wrapper fusion-column-has-shadow fusion-flex-justify-content-flex-start fusion-content-layout-column\"><div class=\"fusion-form fusion-form-builder fusion-form-form-wrapper fusion-form-390\" style=\"--awb-tooltip-text-color:#ffffff;--awb-tooltip-background-color:#333333;\" data-form-id=\"390\" data-config=\"{&quot;form_id&quot;:&quot;390&quot;,&quot;form_post_id&quot;:&quot;390&quot;,&quot;post_id&quot;:400,&quot;form_type&quot;:&quot;ajax&quot;,&quot;confirmation_type&quot;:&quot;message&quot;,&quot;redirect_url&quot;:&quot;&quot;,&quot;field_labels&quot;:{&quot;nombre_empresa&quot;:&quot;Nombre Empresa&quot;,&quot;email&quot;:&quot;Email&quot;,&quot;nombre_de_contacto&quot;:&quot;Nombre de Contacto&quot;,&quot;rut_empresa&quot;:&quot;RUT Empresa&quot;,&quot;telefono&quot;:&quot;Tel\\u00e9fono&quot;,&quot;ciudad&quot;:&quot;Ciudad&quot;,&quot;comentarios&quot;:&quot;Comentarios&quot;},&quot;field_logics&quot;:{&quot;nombre_empresa&quot;:&quot;&quot;,&quot;email&quot;:&quot;&quot;,&quot;nombre_de_contacto&quot;:&quot;&quot;,&quot;rut_empresa&quot;:&quot;&quot;,&quot;telefono&quot;:&quot;&quot;,&quot;ciudad&quot;:&quot;&quot;,&quot;comentarios&quot;:&quot;&quot;,&quot;notice_1&quot;:&quot;&quot;},&quot;field_types&quot;:{&quot;nombre_empresa&quot;:&quot;text&quot;,&quot;email&quot;:&quot;email&quot;,&quot;nombre_de_contacto&quot;:&quot;text&quot;,&quot;rut_empresa&quot;:&quot;text&quot;,&quot;telefono&quot;:&quot;phone_number&quot;,&quot;ciudad&quot;:&quot;text&quot;,&quot;comentarios&quot;:&quot;textarea&quot;,&quot;submit_1&quot;:&quot;submit&quot;,&quot;notice_1&quot;:&quot;notice&quot;},&quot;nonce_method&quot;:&quot;ajax&quot;}\"><form action=\"https:\/\/www.fgx.cl\/?page_id=400\" method=\"post\" class=\"fusion-form fusion-form-390\"><div class=\"fusion-fullwidth fullwidth-box fusion-builder-row-1-1 fusion-flex-container has-pattern-background has-mask-background nonhundred-percent-fullwidth non-hundred-percent-height-scrolling\" style=\"--awb-border-radius-top-left:0px;--awb-border-radius-top-right:0px;--awb-border-radius-bottom-right:0px;--awb-border-radius-bottom-left:0px;--awb-margin-top:0px;--awb-margin-bottom:0px;--awb-flex-wrap:wrap;\" ><div class=\"fusion-builder-row fusion-row fusion-flex-align-items-flex-start fusion-flex-content-wrap\" style=\"width:104% !important;max-width:104% !important;margin-left: calc(-4% \/ 2 );margin-right: calc(-4% \/ 2 );\"><div class=\"fusion-layout-column fusion_builder_column fusion-builder-column-1 fusion_builder_column_1_1 1_1 fusion-flex-column\" style=\"--awb-bg-size:cover;--awb-width-large:100%;--awb-margin-top-large:0px;--awb-spacing-right-large:1.92%;--awb-margin-bottom-large:20px;--awb-spacing-left-large:1.92%;--awb-width-medium:100%;--awb-order-medium:0;--awb-spacing-right-medium:1.92%;--awb-spacing-left-medium:1.92%;--awb-width-small:100%;--awb-order-small:0;--awb-spacing-right-small:1.92%;--awb-spacing-left-small:1.92%;\"><div class=\"fusion-column-wrapper fusion-column-has-shadow fusion-flex-justify-content-flex-start fusion-content-layout-column\"><div class=\"fusion-text fusion-text-1\"><h1 style=\"text-align: left;\"><strong>\u00bfQuieres ser Distribuidor?<\/strong><\/h1>\n<h3 style=\"text-align: left;\">(Llena este formulario y te contactaremos a la brevedad posible).<\/h3>\n<\/div><\/div><\/div><\/div><\/div><div class=\"fusion-fullwidth fullwidth-box fusion-builder-row-1-2 fusion-flex-container has-pattern-background has-mask-background nonhundred-percent-fullwidth non-hundred-percent-height-scrolling\" style=\"--awb-border-radius-top-left:0px;--awb-border-radius-top-right:0px;--awb-border-radius-bottom-right:0px;--awb-border-radius-bottom-left:0px;--awb-flex-wrap:wrap;\" ><div class=\"fusion-builder-row fusion-row fusion-flex-align-items-flex-start fusion-flex-content-wrap\" style=\"width:104% !important;max-width:104% !important;margin-left: calc(-4% \/ 2 );margin-right: calc(-4% \/ 2 );\"><div class=\"fusion-layout-column fusion_builder_column fusion-builder-column-2 fusion_builder_column_1_2 1_2 fusion-flex-column\" style=\"--awb-bg-size:cover;--awb-width-large:50%;--awb-margin-top-large:0px;--awb-spacing-right-large:3.84%;--awb-margin-bottom-large:20px;--awb-spacing-left-large:3.84%;--awb-width-medium:100%;--awb-order-medium:0;--awb-spacing-right-medium:1.92%;--awb-spacing-left-medium:1.92%;--awb-width-small:100%;--awb-order-small:0;--awb-spacing-right-small:1.92%;--awb-spacing-left-small:1.92%;\"><div class=\"fusion-column-wrapper fusion-column-has-shadow fusion-flex-justify-content-flex-start fusion-content-layout-column\"><div class=\"fusion-form-field fusion-form-text-field fusion-form-label-above\" style=\"\" data-form-id=\"390\"><div class=\"fusion-form-label-wrapper\"><label for=\"nombre_empresa\">Nombre Empresa <abbr class=\"fusion-form-element-required\" title=\"required\">*<\/abbr><\/label><\/div><div class=\"fusion-form-input-with-icon\"><i class=\"awb-form-icon fa-building fas\"><\/i><input type=\"text\"  data-empty-notice=\"\u00a1Por favor, ingrese el nombre de su empresa!\" name=\"nombre_empresa\" id=\"nombre_empresa\" value=\"\"  class=\"fusion-form-input\" required=\"true\" aria-required=\"true\" data-holds-private-data=\"false\" minlength=\"0\"\/><\/div><\/div><div class=\"fusion-form-field fusion-form-email-field fusion-form-label-above\" style=\"\" data-form-id=\"390\"><div class=\"fusion-form-label-wrapper\"><label for=\"email\">Email <abbr class=\"fusion-form-element-required\" title=\"required\">*<\/abbr><\/label><\/div><div class=\"fusion-form-input-with-icon\"><i class=\"awb-form-icon fa-envelope fas\"><\/i><input type=\"email\"  data-empty-notice=\"\u00a1Por favor, ingrese un email v\u00e1lido!\" name=\"email\" id=\"email\" value=\"\"  class=\"fusion-form-input\" required=\"true\" aria-required=\"true\" data-holds-private-data=\"false\"\/><\/div><\/div><div class=\"fusion-form-field fusion-form-text-field fusion-form-label-above\" style=\"\" data-form-id=\"390\"><div class=\"fusion-form-label-wrapper\"><label for=\"nombre_de_contacto\">Nombre de Contacto <abbr class=\"fusion-form-element-required\" title=\"required\">*<\/abbr><\/label><\/div><div class=\"fusion-form-input-with-icon\"><i class=\"awb-form-icon fa-user-check fas\"><\/i><input type=\"text\"  data-empty-notice=\"\u00a1Por favor, ingrese el nombre del contacto!\" name=\"nombre_de_contacto\" id=\"nombre_de_contacto\" value=\"\"  class=\"fusion-form-input\" required=\"true\" aria-required=\"true\" data-holds-private-data=\"false\" minlength=\"0\"\/><\/div><\/div><\/div><\/div><div class=\"fusion-layout-column fusion_builder_column fusion-builder-column-3 fusion_builder_column_1_2 1_2 fusion-flex-column\" style=\"--awb-bg-size:cover;--awb-width-large:50%;--awb-margin-top-large:0px;--awb-spacing-right-large:3.84%;--awb-margin-bottom-large:20px;--awb-spacing-left-large:3.84%;--awb-width-medium:100%;--awb-order-medium:0;--awb-spacing-right-medium:1.92%;--awb-spacing-left-medium:1.92%;--awb-width-small:100%;--awb-order-small:0;--awb-spacing-right-small:1.92%;--awb-spacing-left-small:1.92%;\"><div class=\"fusion-column-wrapper fusion-column-has-shadow fusion-flex-justify-content-flex-start fusion-content-layout-column\"><div class=\"fusion-form-field fusion-form-text-field fusion-form-label-above\" style=\"\" data-form-id=\"390\"><div class=\"fusion-form-label-wrapper\"><label for=\"rut_empresa\">RUT Empresa <abbr class=\"fusion-form-element-required\" title=\"required\">*<\/abbr><\/label><\/div><div class=\"fusion-form-input-with-icon\"><i class=\"awb-form-icon fa-address-card fas\"><\/i><input type=\"text\"  data-empty-notice=\"\u00a1Por favor, ingrese el RUT de la empresa!\" name=\"rut_empresa\" id=\"rut_empresa\" value=\"\"  class=\"fusion-form-input\" required=\"true\" aria-required=\"true\" data-holds-private-data=\"false\" minlength=\"0\"\/><\/div><\/div><div class=\"fusion-form-field fusion-form-phone-number-field fusion-form-label-above\" style=\"\" data-form-id=\"390\"><div class=\"fusion-form-label-wrapper\"><label for=\"telefono\">Tel\u00e9fono<\/label><\/div><div class=\"fusion-form-input-with-icon\"><i class=\"awb-form-icon fa-phone-alt fas\"><\/i><input type=\"tel\" name=\"telefono\" id=\"telefono\" value=\"\"  class=\"fusion-form-input\" data-holds-private-data=\"false\"\/><\/div><\/div><div class=\"fusion-form-field fusion-form-text-field fusion-form-label-above\" style=\"\" data-form-id=\"390\"><div class=\"fusion-form-label-wrapper\"><label for=\"ciudad\">Ciudad <abbr class=\"fusion-form-element-required\" title=\"required\">*<\/abbr><\/label><\/div><div class=\"fusion-form-input-with-icon\"><i class=\"awb-form-icon fa-globe-americas fas\"><\/i><input type=\"text\"  data-empty-notice=\"\u00a1Por favor, ingrese la ciudad de la empresa!\" name=\"ciudad\" id=\"ciudad\" value=\"\"  class=\"fusion-form-input\" required=\"true\" aria-required=\"true\" data-holds-private-data=\"false\" minlength=\"0\"\/><\/div><\/div><\/div><\/div><div class=\"fusion-layout-column fusion_builder_column fusion-builder-column-4 fusion_builder_column_1_1 1_1 fusion-flex-column\" style=\"--awb-bg-size:cover;--awb-width-large:100%;--awb-margin-top-large:0px;--awb-spacing-right-large:1.92%;--awb-margin-bottom-large:20px;--awb-spacing-left-large:1.92%;--awb-width-medium:100%;--awb-order-medium:0;--awb-spacing-right-medium:1.92%;--awb-spacing-left-medium:1.92%;--awb-width-small:100%;--awb-order-small:0;--awb-spacing-right-small:1.92%;--awb-spacing-left-small:1.92%;\"><div class=\"fusion-column-wrapper fusion-column-has-shadow fusion-flex-justify-content-flex-start fusion-content-layout-column\"><div class=\"fusion-form-field fusion-form-textarea-field fusion-form-label-above\" style=\"\" data-form-id=\"390\"><label for=\"comentarios\">Comentarios<\/label><div class=\"fusion-form-input-with-icon\"><i class=\" fa-comment-dots fas\"><\/i><textarea cols=\"40\"  minlength=\"0\"  rows=\"5\" tabindex=\"\" id=\"comentarios\" name=\"comentarios\" class=\"fusion-form-input\" data-holds-private-data=\"false\"><\/textarea><\/div><\/div><div class=\"fusion-form-field fusion-form-submit-field fusion-form-label-above\" style=\"\" data-form-id=\"390\"><div style=\"text-align:center;\"><button type=\"submit\" class=\"fusion-button button-flat button-medium button-default fusion-button-default button-1 fusion-button-default-span  form-form-submit button-default\" data-form-number=\"390\" tabindex=\"\"><i class=\"fa-paper-plane fas button-icon-left\" aria-hidden=\"true\"><\/i><span class=\"fusion-button-text\">Enviar<\/span><\/button><\/div><\/div><div class=\"form-submission-notices data-notice_1\" id=\"fusion-notices-1\"><div class=\"fusion-alert alert success alert-success fusion-alert-center fusion-form-response fusion-form-response-success awb-alert-native-link-color alert-dismissable awb-alert-close-boxed\" role=\"alert\"><div class=\"fusion-alert-content-wrapper\"><span class=\"alert-icon\"><i class=\"awb-icon-check-circle\" aria-hidden=\"true\"><\/i><\/span><span class=\"fusion-alert-content\">Gracias por tu mensaje. Ha sido enviado.<\/span><\/div><button type=\"button\" class=\"close toggle-alert\" data-dismiss=\"alert\" aria-label=\"Close\">&times;<\/button><\/div><div class=\"fusion-alert alert error alert-danger fusion-alert-center fusion-form-response fusion-form-response-error awb-alert-native-link-color alert-dismissable awb-alert-close-boxed\" role=\"alert\"><div class=\"fusion-alert-content-wrapper\"><span class=\"alert-icon\"><i class=\"awb-icon-exclamation-triangle\" aria-hidden=\"true\"><\/i><\/span><span class=\"fusion-alert-content\">Se produjo un error al intentar enviar su mensaje. Int\u00e9ntelo nuevamente m\u00e1s tarde.<\/span><\/div><button type=\"button\" class=\"close toggle-alert\" data-dismiss=\"alert\" aria-label=\"Close\">&times;<\/button><\/div><\/div><\/div><\/div><\/div><\/div><\/form><\/div><\/div><\/div><\/div><\/div>\n","protected":false},"excerpt":{"rendered":"","protected":false},"author":1,"featured_media":0,"parent":0,"menu_order":0,"comment_status":"closed","ping_status":"closed","template":"","meta":{"footnotes":""},"class_list":["post-400","page","type-page","status-publish","hentry"],"yoast_head":"<!-- This site is optimized with the Yoast SEO plugin v24.0 - https:\/\/yoast.com\/wordpress\/plugins\/seo\/ -->\n<title>Formulario Distribuidor - FGX | Sellos Mec\u00e1nicos | RM | IV Regi\u00f3n | V Regi\u00f3n | Todo Chile<\/title>\n<meta name=\"robots\" content=\"index, follow, max-snippet:-1, max-image-preview:large, max-video-preview:-1\" \/>\n<link rel=\"canonical\" href=\"https:\/\/www.fgx.cl\/?page_id=400\" \/>\n<meta property=\"og:locale\" content=\"en_US\" \/>\n<meta property=\"og:type\" content=\"article\" \/>\n<meta property=\"og:title\" content=\"Formulario Distribuidor - FGX | Sellos Mec\u00e1nicos | RM | IV Regi\u00f3n | V Regi\u00f3n | Todo Chile\" \/>\n<meta property=\"og:url\" content=\"https:\/\/www.fgx.cl\/?page_id=400\" \/>\n<meta property=\"og:site_name\" content=\"FGX | Sellos Mec\u00e1nicos | RM | IV Regi\u00f3n | V Regi\u00f3n | Todo Chile\" \/>\n<meta property=\"article:modified_time\" content=\"2024-12-05T00:27:48+00:00\" \/>\n<meta name=\"twitter:card\" content=\"summary_large_image\" \/>\n<meta name=\"twitter:label1\" content=\"Est. reading time\" \/>\n\t<meta name=\"twitter:data1\" content=\"3 minutes\" \/>\n<script type=\"application\/ld+json\" class=\"yoast-schema-graph\">{\"@context\":\"https:\/\/schema.org\",\"@graph\":[{\"@type\":\"WebPage\",\"@id\":\"https:\/\/www.fgx.cl\/?page_id=400\",\"url\":\"https:\/\/www.fgx.cl\/?page_id=400\",\"name\":\"Formulario Distribuidor - FGX | Sellos Mec\u00e1nicos | RM | IV Regi\u00f3n | V Regi\u00f3n | Todo Chile\",\"isPartOf\":{\"@id\":\"https:\/\/www.fgx.cl\/#website\"},\"datePublished\":\"2024-12-04T22:20:31+00:00\",\"dateModified\":\"2024-12-05T00:27:48+00:00\",\"breadcrumb\":{\"@id\":\"https:\/\/www.fgx.cl\/?page_id=400#breadcrumb\"},\"inLanguage\":\"en-US\",\"potentialAction\":[{\"@type\":\"ReadAction\",\"target\":[\"https:\/\/www.fgx.cl\/?page_id=400\"]}]},{\"@type\":\"BreadcrumbList\",\"@id\":\"https:\/\/www.fgx.cl\/?page_id=400#breadcrumb\",\"itemListElement\":[{\"@type\":\"ListItem\",\"position\":1,\"name\":\"Portada\",\"item\":\"https:\/\/www.fgx.cl\/\"},{\"@type\":\"ListItem\",\"position\":2,\"name\":\"Formulario Distribuidor\"}]},{\"@type\":\"WebSite\",\"@id\":\"https:\/\/www.fgx.cl\/#website\",\"url\":\"https:\/\/www.fgx.cl\/\",\"name\":\"FGX | Sellos Mec\u00e1nicos | RM | IV Regi\u00f3n | V Regi\u00f3n | Todo Chile\",\"description\":\"\",\"potentialAction\":[{\"@type\":\"SearchAction\",\"target\":{\"@type\":\"EntryPoint\",\"urlTemplate\":\"https:\/\/www.fgx.cl\/?s={search_term_string}\"},\"query-input\":{\"@type\":\"PropertyValueSpecification\",\"valueRequired\":true,\"valueName\":\"search_term_string\"}}],\"inLanguage\":\"en-US\"}]}<\/script>\n<!-- \/ Yoast SEO plugin. -->","yoast_head_json":{"title":"Formulario Distribuidor - FGX | Sellos Mec\u00e1nicos | RM | IV Regi\u00f3n | V Regi\u00f3n | Todo Chile","robots":{"index":"index","follow":"follow","max-snippet":"max-snippet:-1","max-image-preview":"max-image-preview:large","max-video-preview":"max-video-preview:-1"},"canonical":"https:\/\/www.fgx.cl\/?page_id=400","og_locale":"en_US","og_type":"article","og_title":"Formulario Distribuidor - FGX | Sellos Mec\u00e1nicos | RM | IV Regi\u00f3n | V Regi\u00f3n | Todo Chile","og_url":"https:\/\/www.fgx.cl\/?page_id=400","og_site_name":"FGX | Sellos Mec\u00e1nicos | RM | IV Regi\u00f3n | V Regi\u00f3n | Todo Chile","article_modified_time":"2024-12-05T00:27:48+00:00","twitter_card":"summary_large_image","twitter_misc":{"Est. reading time":"3 minutes"},"schema":{"@context":"https:\/\/schema.org","@graph":[{"@type":"WebPage","@id":"https:\/\/www.fgx.cl\/?page_id=400","url":"https:\/\/www.fgx.cl\/?page_id=400","name":"Formulario Distribuidor - FGX | Sellos Mec\u00e1nicos | RM | IV Regi\u00f3n | V Regi\u00f3n | Todo Chile","isPartOf":{"@id":"https:\/\/www.fgx.cl\/#website"},"datePublished":"2024-12-04T22:20:31+00:00","dateModified":"2024-12-05T00:27:48+00:00","breadcrumb":{"@id":"https:\/\/www.fgx.cl\/?page_id=400#breadcrumb"},"inLanguage":"en-US","potentialAction":[{"@type":"ReadAction","target":["https:\/\/www.fgx.cl\/?page_id=400"]}]},{"@type":"BreadcrumbList","@id":"https:\/\/www.fgx.cl\/?page_id=400#breadcrumb","itemListElement":[{"@type":"ListItem","position":1,"name":"Portada","item":"https:\/\/www.fgx.cl\/"},{"@type":"ListItem","position":2,"name":"Formulario Distribuidor"}]},{"@type":"WebSite","@id":"https:\/\/www.fgx.cl\/#website","url":"https:\/\/www.fgx.cl\/","name":"FGX | Sellos Mec\u00e1nicos | RM | IV Regi\u00f3n | V Regi\u00f3n | Todo Chile","description":"","potentialAction":[{"@type":"SearchAction","target":{"@type":"EntryPoint","urlTemplate":"https:\/\/www.fgx.cl\/?s={search_term_string}"},"query-input":{"@type":"PropertyValueSpecification","valueRequired":true,"valueName":"search_term_string"}}],"inLanguage":"en-US"}]}},"_links":{"self":[{"href":"https:\/\/www.fgx.cl\/index.php?rest_route=\/wp\/v2\/pages\/400","targetHints":{"allow":["GET"]}}],"collection":[{"href":"https:\/\/www.fgx.cl\/index.php?rest_route=\/wp\/v2\/pages"}],"about":[{"href":"https:\/\/www.fgx.cl\/index.php?rest_route=\/wp\/v2\/types\/page"}],"author":[{"embeddable":true,"href":"https:\/\/www.fgx.cl\/index.php?rest_route=\/wp\/v2\/users\/1"}],"replies":[{"embeddable":true,"href":"https:\/\/www.fgx.cl\/index.php?rest_route=%2Fwp%2Fv2%2Fcomments&post=400"}],"version-history":[{"count":2,"href":"https:\/\/www.fgx.cl\/index.php?rest_route=\/wp\/v2\/pages\/400\/revisions"}],"predecessor-version":[{"id":402,"href":"https:\/\/www.fgx.cl\/index.php?rest_route=\/wp\/v2\/pages\/400\/revisions\/402"}],"wp:attachment":[{"href":"https:\/\/www.fgx.cl\/index.php?rest_route=%2Fwp%2Fv2%2Fmedia&parent=400"}],"curies":[{"name":"wp","href":"https:\/\/api.w.org\/{rel}","templated":true}]}}